{"id":648,"date":"2020-04-08T07:31:32","date_gmt":"2020-04-08T05:31:32","guid":{"rendered":"https:\/\/habitpot.com\/?page_id=648"},"modified":"2020-05-20T08:57:05","modified_gmt":"2020-05-20T06:57:05","slug":"impressum","status":"publish","type":"page","link":"https:\/\/habitpot.com\/en\/impressum\/","title":{"rendered":"Impressum"},"content":{"rendered":"<style>@media (min-width: 768px) { .liquid-row-responsive-69fddf428d6e3 {padding-top:50px !important;  }  } @media (min-width: 992px) { .liquid-row-responsive-69fddf428d6e3 {padding-top:200px !important;  }  } @media (min-width: 1200px) { .liquid-row-responsive-69fddf428d6e3 {padding-top:200px !important;  }  }   <\/style><section class=\"vc_row wpb_row vc_row-fluid vc_custom_1586323959910 row-contains-padding-top liquid-row-responsive-69fddf428d6e3 liquid-row-shadowbox-69fddf428d709\"><div class=\"ld-container container\"><div class=\"row ld-row\"><div class=\"wpb_column vc_column_container vc_col-sm-2 liquid-column-69fddf428d91b\"><div class=\"vc_column-inner\"><div class=\"wpb_wrapper\"   ><div class=\"wpb_wrapper-inner\"><\/div><\/div><\/div><\/div><div class=\"wpb_column vc_column_container vc_col-sm-8 liquid-column-69fddf428d9ff\"><div class=\"vc_column-inner\"><div class=\"wpb_wrapper\"   ><div class=\"wpb_wrapper-inner\"><style>.ld_fancy_heading_69fddf428dad7 .lqd-highlight-inner{height:0.275em;bottom:0px;}<\/style><div class=\"ld-fancy-heading ld_fancy_heading_69fddf428dad7\">\n\t<h2 class=\"lqd-highlight-underline lqd-highlight-grow-left\" ><span class=\"ld-fh-txt\"> Impressum<\/span><\/h2><\/div><style>.ld_spacer_69fddf428dc00{height:20px;}<\/style>\n<div class=\"ld-empty-space ld_spacer_69fddf428dc00\"><span class=\"liquid_empty_space_inner\"><\/span><\/div>\n\t<div class=\"wpb_text_column wpb_content_element\" >\n\t\t<div class=\"wpb_wrapper\">\n\t\t\t<h3>Kontakt<\/h3>\n<p>Sirik Loosman<br \/>\nHus\u00e4cherstrasse 5<br \/>\n8907 Wettswil<br \/>\nSchweiz<\/p>\n<p>E-Mail:<br \/>\n<a href=\"mailto:contact@weblion.ch\">contact@weblion.ch<\/a><\/p>\n<p>&nbsp;<\/p>\n<h3>Haftungsausschluss<\/h3>\n<p>Der Autor \u00fcbernimmt keinerlei Gew\u00e4hr hinsichtlich der inhaltlichen Richtigkeit, Genauigkeit, Aktualit\u00e4t, Zuverl\u00e4ssigkeit und Vollst\u00e4ndigkeit der Informationen.<\/p>\n<p>Haftungsanspr\u00fcche gegen den Autor wegen Sch\u00e4den materieller oder immaterieller Art, welche aus dem Zugriff oder der Nutzung bzw. Nichtnutzung der ver\u00f6ffentlichten Informationen, durch Missbrauch der Verbindung oder durch technische St\u00f6rungen entstanden sind, werden ausgeschlossen.<\/p>\n<p>Alle Angebote sind unverbindlich. Der Autor beh\u00e4lt es sich ausdr\u00fccklich vor, Teile der Seiten oder das gesamte Angebot ohne besondere Ank\u00fcndigung zu ver\u00e4ndern, zu erg\u00e4nzen, zu l\u00f6schen oder die Ver\u00f6ffentlichung zeitweise oder endg\u00fcltig einzustellen.<\/p>\n<h3>Haftungsausschluss f\u00fcr Links<\/h3>\n<p>Verweise und Links auf Webseiten Dritter liegen ausserhalb unseres Verantwortungsbereichs. Es wird jegliche Verantwortung f\u00fcr solche Webseiten abgelehnt. Der Zugriff und die Nutzung solcher Webseiten erfolgen auf eigene Gefahr des jeweiligen Nutzers.<\/p>\n<h3>Urheberrechte<\/h3>\n<p>Die Urheber- und alle anderen Rechte an Inhalten, Bildern, Fotos oder anderen Dateien auf dieser Website, geh\u00f6ren ausschliesslich\u00a0<strong>Sirik Loosman<\/strong>\u00a0oder den speziell genannten Rechteinhabern. F\u00fcr die Reproduktion jeglicher Elemente ist die schriftliche Zustimmung des Urheberrechtstr\u00e4gers im Voraus einzuholen.<\/p>\n<p>Quelle:\u00a0<a href=\"https:\/\/www.swissanwalt.ch\/\" target=\"_blank\" rel=\"noopener noreferrer\">SwissAnwalt<\/a><\/p>\n\n\t\t<\/div>\n\t<\/div>\n<style>.ld_spacer_69fddf428dd56{height:100px;}<\/style>\n<div class=\"ld-empty-space ld_spacer_69fddf428dd56\"><span class=\"liquid_empty_space_inner\"><\/span><\/div><\/div><\/div><\/div><\/div><div class=\"wpb_column vc_column_container vc_col-sm-2 liquid-column-69fddf428de2c\"><div class=\"vc_column-inner\"><div class=\"wpb_wrapper\"   ><div class=\"wpb_wrapper-inner\"><\/div><\/div><\/div><\/div><\/div><\/div><\/section>","protected":false},"excerpt":{"rendered":"Impressum Kontakt Sirik Loosman Hus\u00e4cherstrasse 5 8907 Wettswil Schweiz E-Mail: contact@weblion.ch &nbsp; Haftungsausschluss Der Autor...","protected":false},"author":1,"featured_media":0,"parent":0,"menu_order":0,"comment_status":"closed","ping_status":"closed","template":"","meta":{"footnotes":""},"class_list":["post-648","page","type-page","status-publish","hentry"],"yoast_head":"<!-- This site is optimized with the Yoast SEO plugin v27.5 - https:\/\/yoast.com\/product\/yoast-seo-wordpress\/ -->\n<title>Impressum &#8211; habitpot<\/title>\n<meta name=\"robots\" content=\"noindex, follow\" \/>\n<meta property=\"og:locale\" content=\"en_US\" \/>\n<meta property=\"og:type\" content=\"article\" \/>\n<meta property=\"og:title\" content=\"Impressum &#8211; habitpot\" \/>\n<meta property=\"og:url\" content=\"https:\/\/habitpot.com\/en\/impressum\/\" \/>\n<meta property=\"og:site_name\" content=\"habitpot\" \/>\n<meta property=\"article:modified_time\" content=\"2020-05-20T06:57:05+00:00\" \/>\n<meta name=\"twitter:card\" content=\"summary_large_image\" \/>\n<meta name=\"twitter:label1\" content=\"Est. reading time\" \/>\n\t<meta name=\"twitter:data1\" content=\"1 minute\" \/>\n<script type=\"application\/ld+json\" class=\"yoast-schema-graph\">{\"@context\":\"https:\\\/\\\/schema.org\",\"@graph\":[{\"@type\":\"WebPage\",\"@id\":\"https:\\\/\\\/habitpot.com\\\/impressum\\\/\",\"url\":\"https:\\\/\\\/habitpot.com\\\/impressum\\\/\",\"name\":\"Impressum &#8211; habitpot\",\"isPartOf\":{\"@id\":\"https:\\\/\\\/habitpot.com\\\/#website\"},\"datePublished\":\"2020-04-08T05:31:32+00:00\",\"dateModified\":\"2020-05-20T06:57:05+00:00\",\"breadcrumb\":{\"@id\":\"https:\\\/\\\/habitpot.com\\\/impressum\\\/#breadcrumb\"},\"inLanguage\":\"en-US\",\"potentialAction\":[{\"@type\":\"ReadAction\",\"target\":[\"https:\\\/\\\/habitpot.com\\\/impressum\\\/\"]}]},{\"@type\":\"BreadcrumbList\",\"@id\":\"https:\\\/\\\/habitpot.com\\\/impressum\\\/#breadcrumb\",\"itemListElement\":[{\"@type\":\"ListItem\",\"position\":1,\"name\":\"Startseite\",\"item\":\"https:\\\/\\\/habitpot.com\\\/\"},{\"@type\":\"ListItem\",\"position\":2,\"name\":\"Impressum\"}]},{\"@type\":\"WebSite\",\"@id\":\"https:\\\/\\\/habitpot.com\\\/#website\",\"url\":\"https:\\\/\\\/habitpot.com\\\/\",\"name\":\"habitpot\",\"description\":\"Verwandle eine kurze Schw\u00e4che in eine gute Gabe\",\"publisher\":{\"@id\":\"https:\\\/\\\/habitpot.com\\\/#organization\"},\"potentialAction\":[{\"@type\":\"SearchAction\",\"target\":{\"@type\":\"EntryPoint\",\"urlTemplate\":\"https:\\\/\\\/habitpot.com\\\/?s={search_term_string}\"},\"query-input\":{\"@type\":\"PropertyValueSpecification\",\"valueRequired\":true,\"valueName\":\"search_term_string\"}}],\"inLanguage\":\"en-US\"},{\"@type\":\"Organization\",\"@id\":\"https:\\\/\\\/habitpot.com\\\/#organization\",\"name\":\"habitpot\",\"url\":\"https:\\\/\\\/habitpot.com\\\/\",\"logo\":{\"@type\":\"ImageObject\",\"inLanguage\":\"en-US\",\"@id\":\"https:\\\/\\\/habitpot.com\\\/#\\\/schema\\\/logo\\\/image\\\/\",\"url\":\"https:\\\/\\\/habitpot.com\\\/wp-content\\\/uploads\\\/2020\\\/04\\\/habitpot-logo-svg-300px.svg\",\"contentUrl\":\"https:\\\/\\\/habitpot.com\\\/wp-content\\\/uploads\\\/2020\\\/04\\\/habitpot-logo-svg-300px.svg\",\"width\":1,\"height\":1,\"caption\":\"habitpot\"},\"image\":{\"@id\":\"https:\\\/\\\/habitpot.com\\\/#\\\/schema\\\/logo\\\/image\\\/\"}}]}<\/script>\n<!-- \/ Yoast SEO plugin. -->","yoast_head_json":{"title":"Impressum &#8211; habitpot","robots":{"index":"noindex","follow":"follow"},"og_locale":"en_US","og_type":"article","og_title":"Impressum &#8211; habitpot","og_url":"https:\/\/habitpot.com\/en\/impressum\/","og_site_name":"habitpot","article_modified_time":"2020-05-20T06:57:05+00:00","twitter_card":"summary_large_image","twitter_misc":{"Est. reading time":"1 minute"},"schema":{"@context":"https:\/\/schema.org","@graph":[{"@type":"WebPage","@id":"https:\/\/habitpot.com\/impressum\/","url":"https:\/\/habitpot.com\/impressum\/","name":"Impressum &#8211; habitpot","isPartOf":{"@id":"https:\/\/habitpot.com\/#website"},"datePublished":"2020-04-08T05:31:32+00:00","dateModified":"2020-05-20T06:57:05+00:00","breadcrumb":{"@id":"https:\/\/habitpot.com\/impressum\/#breadcrumb"},"inLanguage":"en-US","potentialAction":[{"@type":"ReadAction","target":["https:\/\/habitpot.com\/impressum\/"]}]},{"@type":"BreadcrumbList","@id":"https:\/\/habitpot.com\/impressum\/#breadcrumb","itemListElement":[{"@type":"ListItem","position":1,"name":"Startseite","item":"https:\/\/habitpot.com\/"},{"@type":"ListItem","position":2,"name":"Impressum"}]},{"@type":"WebSite","@id":"https:\/\/habitpot.com\/#website","url":"https:\/\/habitpot.com\/","name":"habitpot","description":"Verwandle eine kurze Schw\u00e4che in eine gute Gabe","publisher":{"@id":"https:\/\/habitpot.com\/#organization"},"potentialAction":[{"@type":"SearchAction","target":{"@type":"EntryPoint","urlTemplate":"https:\/\/habitpot.com\/?s={search_term_string}"},"query-input":{"@type":"PropertyValueSpecification","valueRequired":true,"valueName":"search_term_string"}}],"inLanguage":"en-US"},{"@type":"Organization","@id":"https:\/\/habitpot.com\/#organization","name":"habitpot","url":"https:\/\/habitpot.com\/","logo":{"@type":"ImageObject","inLanguage":"en-US","@id":"https:\/\/habitpot.com\/#\/schema\/logo\/image\/","url":"https:\/\/habitpot.com\/wp-content\/uploads\/2020\/04\/habitpot-logo-svg-300px.svg","contentUrl":"https:\/\/habitpot.com\/wp-content\/uploads\/2020\/04\/habitpot-logo-svg-300px.svg","width":1,"height":1,"caption":"habitpot"},"image":{"@id":"https:\/\/habitpot.com\/#\/schema\/logo\/image\/"}}]}},"_links":{"self":[{"href":"https:\/\/habitpot.com\/en\/wp-json\/wp\/v2\/pages\/648","targetHints":{"allow":["GET"]}}],"collection":[{"href":"https:\/\/habitpot.com\/en\/wp-json\/wp\/v2\/pages"}],"about":[{"href":"https:\/\/habitpot.com\/en\/wp-json\/wp\/v2\/types\/page"}],"author":[{"embeddable":true,"href":"https:\/\/habitpot.com\/en\/wp-json\/wp\/v2\/users\/1"}],"replies":[{"embeddable":true,"href":"https:\/\/habitpot.com\/en\/wp-json\/wp\/v2\/comments?post=648"}],"version-history":[{"count":0,"href":"https:\/\/habitpot.com\/en\/wp-json\/wp\/v2\/pages\/648\/revisions"}],"wp:attachment":[{"href":"https:\/\/habitpot.com\/en\/wp-json\/wp\/v2\/media?parent=648"}],"curies":[{"name":"wp","href":"https:\/\/api.w.org\/{rel}","templated":true}]}}