{"id":518,"date":"2020-04-06T17:57:44","date_gmt":"2020-04-06T17:57:44","guid":{"rendered":"https:\/\/habitpot.com\/?page_id=518"},"modified":"2020-10-26T19:27:42","modified_gmt":"2020-10-26T17:27:42","slug":"app","status":"publish","type":"page","link":"https:\/\/habitpot.com\/en\/app\/","title":{"rendered":"App"},"content":{"rendered":"<style>@media (min-width: 768px) { .liquid-row-responsive-69fddfe9c0b8a {padding-top:200px !important;  }  } @media (min-width: 992px) { .liquid-row-responsive-69fddfe9c0b8a {padding-top:200px !important;  }  } @media (min-width: 1200px) { .liquid-row-responsive-69fddfe9c0b8a {padding-top:200px !important;  }  }   <\/style><section id=\"app\" class=\"vc_row wpb_row vc_row-fluid vc_custom_1586240941557 row-contains-padding-top liquid-row-responsive-69fddfe9c0b8a liquid-row-shadowbox-69fddfe9c0ba5\"><div class=\"ld-container container\"><div class=\"row ld-row\"><div class=\"wpb_column vc_column_container vc_col-sm-2 liquid-column-69fddfe9c0e10\"><div class=\"vc_column-inner\"><div class=\"wpb_wrapper\"   ><div class=\"wpb_wrapper-inner\"><\/div><\/div><\/div><\/div><div class=\"wpb_column vc_column_container vc_col-sm-8 liquid-column-69fddfe9c0ef5\"><div class=\"vc_column-inner\"><div class=\"wpb_wrapper\"   ><div class=\"wpb_wrapper-inner\"><style>.ld_fancy_heading_69fddfe9c0ff0 .lqd-highlight-inner{height:0.275em;bottom:0px;}<\/style><div class=\"ld-fancy-heading text-center ld_fancy_heading_69fddfe9c0ff0\">\n\t<h2 class=\"lqd-highlight-underline lqd-highlight-grow-left\" ><span class=\"ld-fh-txt\"> App<\/span><\/h2><\/div>\n\t<div class=\"wpb_text_column wpb_content_element\" >\n\t\t<div class=\"wpb_wrapper\">\n\t\t\t<p>Die habitpot-App ist das kleine, feine Sparschwein in deiner Hosentasche. Die App wird zu Beginn auf der iOS-Plattform von Apple aufgebaut. Es steht aktuell keine Version f\u00fcr Android zur Verf\u00fcgung.<\/p>\n\n\t\t<\/div>\n\t<\/div>\n<style>.ld_spacer_69fddfe9c11bf{height:20px;}<\/style>\n<div class=\"ld-empty-space ld_spacer_69fddfe9c11bf\"><span class=\"liquid_empty_space_inner\"><\/span><\/div><style>.ld_fancy_heading_69fddfe9c1244 .lqd-highlight-inner{height:0.275em;bottom:0px;}<\/style><div class=\"ld-fancy-heading ld_fancy_heading_69fddfe9c1244\">\n\t<h5 class=\"lqd-highlight-underline lqd-highlight-grow-left\" ><span class=\"ld-fh-txt\"> Funktionsumfang<\/span><\/h5><\/div>\n\t<div class=\"wpb_text_column wpb_content_element\" >\n\t\t<div class=\"wpb_wrapper\">\n\t\t\t<p>Die meisten Benutzer von Smartphones haben heute unz\u00e4hlige Apps installiert. Viele davon \u00abliegen in der Ecke\u00bb und werden nicht mehr oder nur sehr sporadisch verwendet. Oftmals w\u00e4chst eine App immer weiter und wird so zum kleinen \u00abAllesk\u00f6nner\u00bb herangez\u00fcchtet, sodass der Benutzer die App m\u00f6glichst jeden Tag viermal aufmacht und sie so oft wie m\u00f6glich verwendet. Habitpot hat einen anderen Anspruch. So soll die App in den Hintergrund treten und muss nicht jeden Tag im Fokus des Geschehens sein. In dem einen schwachen Moment, genau in diesem Moment des inneren Schweinehundes, da soll der Benutzer an habitpot denken. Das ist alles!<\/p>\n\n\t\t<\/div>\n\t<\/div>\n<style>.ld_spacer_69fddfe9c1308{height:20px;}<\/style>\n<div class=\"ld-empty-space ld_spacer_69fddfe9c1308\"><span class=\"liquid_empty_space_inner\"><\/span><\/div><style>.ld_fancy_heading_69fddfe9c137a .lqd-highlight-inner{height:0.275em;bottom:0px;}<\/style><div class=\"ld-fancy-heading ld_fancy_heading_69fddfe9c137a\">\n\t<h5 class=\"lqd-highlight-underline lqd-highlight-grow-left\" ><span class=\"ld-fh-txt\"> Design<\/span><\/h5><\/div>\n\t<div class=\"wpb_text_column wpb_content_element\" >\n\t\t<div class=\"wpb_wrapper\">\n\t\t\t<p>Habitpot soll ansprechend, einfach und aufger\u00e4umt sein. Die Gestaltung der App soll schlicht gehalten und unaufgeregt sein, sodass die Verwendung einfach von der Hand geht und keine Ablenkungen die Benutzererfahrung behindern.<\/p>\n<p>Ich (<a href=\"https:\/\/weblion.ch\">Sirik Loosman<\/a>) sehe mich nicht als professionellen App-Designer und bin auch kein UI\/UX Experte, jedoch meine ich ein einfaches Gesp\u00fcr f\u00fcr ansprechende Gestaltung zu haben \u2013 dies setze ich, so gut es mir m\u00f6glich ist, in der habitpot-App um.<\/p>\n\n\t\t<\/div>\n\t<\/div>\n<style>.ld_spacer_69fddfe9c143d{height:20px;}<\/style>\n<div class=\"ld-empty-space ld_spacer_69fddfe9c143d\"><span class=\"liquid_empty_space_inner\"><\/span><\/div><style>.hpRoadmap .one-roadmap-bar:before, .hpRoadmap .one-roadmap-bar:after{background:rgb(93, 93, 92);}<\/style><div id=\"hpRoadmap\" class=\"one-roadmap hpRoadmap\" data-custom-animations=\"true\" data-ca-options='{\"triggerHandler\": \"inview\", \"animationTarget\": \".one-roadmap-item\", \"duration\": 1200, \"delay\": 150, \"easing\": \"easeOutQuint\", \"initValues\": { \"translateY\": 50, \"translateZ\": -150, \"rotateX\": -95, \"opacity\": 0 }, \"animations\": { \"translateY\": 0, \"translateZ\": 0, \"rotateX\": 0, \"opacity\": 1 }}'>\n\n\t<div class=\"one-roadmap-inner\">\t\n\t\t<div id=\"ld_roadmap_item_69fddfe9c19e0\" class=\"one-roadmap-item one-roadmap-item-checked ld_roadmap_item_69fddfe9c19e0\">\n\n\t<spab class=\"one-roadmap-bar\"><\/spab>\n\n\t<div class=\"one-roadmap-info\">\n\t\t<h6>Im Sp\u00e4tsommer 2019<\/h6>\t\t<p>Die Idee f\u00fcr habitpot wurde geboren.<\/p>\n\t<\/div><!-- \/.one-roadmap-info -->\n\n\t<span class=\"one-roadmap-mark\">\n\t\t<i class=\"icon-ion-ios-checkmark\"><\/i>\t<\/span>\n\n<\/div><!-- \/.one-roadmap-item --><div id=\"ld_roadmap_item_69fddfe9c1df6\" class=\"one-roadmap-item one-roadmap-item-checked ld_roadmap_item_69fddfe9c1df6\">\n\n\t<spab class=\"one-roadmap-bar\"><\/spab>\n\n\t<div class=\"one-roadmap-info\">\n\t\t<h6>Q4 \u2013 2019<\/h6>\t\t<p>Vielen Gedanken wurde nachgehangen, durchgesprochen<br \/>\nund \u00fcber Grundlegendes philosophiert.<\/p>\n\t<\/div><!-- \/.one-roadmap-info -->\n\n\t<span class=\"one-roadmap-mark\">\n\t\t<i class=\"icon-ion-ios-checkmark\"><\/i>\t<\/span>\n\n<\/div><!-- \/.one-roadmap-item --><div id=\"ld_roadmap_item_69fddfe9c1e4d\" class=\"one-roadmap-item one-roadmap-item-checked ld_roadmap_item_69fddfe9c1e4d\">\n\n\t<spab class=\"one-roadmap-bar\"><\/spab>\n\n\t<div class=\"one-roadmap-info\">\n\t\t<h6>Q1 \u2013 2020<\/h6>\t\t<p>Konzept und Entwicklung des Grundger\u00fcsts der habitpot-App.<\/p>\n\t<\/div><!-- \/.one-roadmap-info -->\n\n\t<span class=\"one-roadmap-mark\">\n\t\t<i class=\"icon-ion-ios-checkmark\"><\/i>\t<\/span>\n\n<\/div><!-- \/.one-roadmap-item --><div id=\"ld_roadmap_item_69fddfe9c1e97\" class=\"one-roadmap-item one-roadmap-item-checked ld_roadmap_item_69fddfe9c1e97\">\n\n\t<spab class=\"one-roadmap-bar\"><\/spab>\n\n\t<div class=\"one-roadmap-info\">\n\t\t<h6>Q2 \u2013 2020<\/h6>\t\t<p>Fertigstellung der gr\u00f6beren Bauarbeiten (Basisversion).<\/p>\n\t<\/div><!-- \/.one-roadmap-info -->\n\n\t<span class=\"one-roadmap-mark\">\n\t\t<i class=\"icon-ion-ios-checkmark\"><\/i>\t<\/span>\n\n<\/div><!-- \/.one-roadmap-item --><div id=\"ld_roadmap_item_69fddfe9c1edd\" class=\"one-roadmap-item one-roadmap-item-checked ld_roadmap_item_69fddfe9c1edd\">\n\n\t<spab class=\"one-roadmap-bar\"><\/spab>\n\n\t<div class=\"one-roadmap-info\">\n\t\t<h6>Q2 \u2013 2020<\/h6>\t\t<p>Durchf\u00fchrung des geschlossenen\u00a0<strong>alpha<\/strong>-Tests.<\/p>\n\t<\/div><!-- \/.one-roadmap-info -->\n\n\t<span class=\"one-roadmap-mark\">\n\t\t<i class=\"icon-ion-ios-checkmark\"><\/i>\t<\/span>\n\n<\/div><!-- \/.one-roadmap-item --><div id=\"ld_roadmap_item_69fddfe9c1f24\" class=\"one-roadmap-item one-roadmap-item-checked ld_roadmap_item_69fddfe9c1f24\">\n\n\t<spab class=\"one-roadmap-bar\"><\/spab>\n\n\t<div class=\"one-roadmap-info\">\n\t\t<h6>Q2 \u2013 2020<\/h6>\t\t<p>Start der (vermutlich open)\u00a0<strong>beta<\/strong>-Testphase<\/p>\n\t<\/div><!-- \/.one-roadmap-info -->\n\n\t<span class=\"one-roadmap-mark\">\n\t\t<i class=\"icon-ion-ios-checkmark\"><\/i>\t<\/span>\n\n<\/div><!-- \/.one-roadmap-item --><div id=\"ld_roadmap_item_69fddfe9c1f74\" class=\"one-roadmap-item one-roadmap-item-checked ld_roadmap_item_69fddfe9c1f74\">\n\n\t<spab class=\"one-roadmap-bar\"><\/spab>\n\n\t<div class=\"one-roadmap-info\">\n\t\t<h6>Q3 \u2013 2020<\/h6>\t\t<p>+ Feature: Geteilte Pots<\/p>\n\t<\/div><!-- \/.one-roadmap-info -->\n\n\t<span class=\"one-roadmap-mark\">\n\t\t<i class=\"icon-ion-ios-checkmark\"><\/i>\t<\/span>\n\n<\/div><!-- \/.one-roadmap-item --><div id=\"ld_roadmap_item_69fddfe9c1fb9\" class=\"one-roadmap-item one-roadmap-item-checked ld_roadmap_item_69fddfe9c1fb9\">\n\n\t<spab class=\"one-roadmap-bar\"><\/spab>\n\n\t<div class=\"one-roadmap-info\">\n\t\t<h6>Q3 \u2013 2020<\/h6>\t\t<p>+ Feature: Herausforderungen<\/p>\n\t<\/div><!-- \/.one-roadmap-info -->\n\n\t<span class=\"one-roadmap-mark\">\n\t\t<i class=\"icon-ion-ios-checkmark\"><\/i>\t<\/span>\n\n<\/div><!-- \/.one-roadmap-item --><div id=\"ld_roadmap_item_69fddfe9c1ffb\" class=\"one-roadmap-item one-roadmap-item-checked ld_roadmap_item_69fddfe9c1ffb\">\n\n\t<spab class=\"one-roadmap-bar\"><\/spab>\n\n\t<div class=\"one-roadmap-info\">\n\t\t<h6>Q3 \u2013 2020<\/h6>\t\t<p>Im Verlaufe des Q3 2020 \u2013 Ver\u00f6ffentlichung der Basisversion von habitpot.<\/p>\n\t<\/div><!-- \/.one-roadmap-info -->\n\n\t<span class=\"one-roadmap-mark\">\n\t\t<i class=\"icon-ion-ios-checkmark\"><\/i>\t<\/span>\n\n<\/div><!-- \/.one-roadmap-item --><div id=\"ld_roadmap_item_69fddfe9c203e\" class=\"one-roadmap-item one-roadmap-item-checked ld_roadmap_item_69fddfe9c203e\">\n\n\t<spab class=\"one-roadmap-bar\"><\/spab>\n\n\t<div class=\"one-roadmap-info\">\n\t\t<h6>Q4 \u2013 2020<\/h6>\t\t<p>+ Feature: Vordefinierte Pots (Fleisch\/Alkohol\/Zigaretten)<\/p>\n\t<\/div><!-- \/.one-roadmap-info -->\n\n\t<span class=\"one-roadmap-mark\">\n\t\t<i class=\"icon-ion-ios-checkmark\"><\/i>\t<\/span>\n\n<\/div><!-- \/.one-roadmap-item --><div id=\"ld_roadmap_item_69fddfe9c2081\" class=\"one-roadmap-item ld_roadmap_item_69fddfe9c2081\">\n\n\t<spab class=\"one-roadmap-bar\"><\/spab>\n\n\t<div class=\"one-roadmap-info\">\n\t\t<h6>Q1 \u2013 2021<\/h6>\t\t<p>+ Feature: Vordefinierte Pots (TV\/Bildschirmzeit\/Fliegen\/&#8230;)<\/p>\n\t<\/div><!-- \/.one-roadmap-info -->\n\n\t<span class=\"one-roadmap-mark\">\n\t\t\t<\/span>\n\n<\/div><!-- \/.one-roadmap-item --><div id=\"ld_roadmap_item_69fddfe9c20c5\" class=\"one-roadmap-item ld_roadmap_item_69fddfe9c20c5\">\n\n\t<spab class=\"one-roadmap-bar\"><\/spab>\n\n\t<div class=\"one-roadmap-info\">\n\t\t<h6>Q2 \u2013 2021<\/h6>\t\t<p>+ Feature: Vereinfachte Pots (die Strichliste f\u00fcr die Hosentasche)<\/p>\n\t<\/div><!-- \/.one-roadmap-info -->\n\n\t<span class=\"one-roadmap-mark\">\n\t\t\t<\/span>\n\n<\/div><!-- \/.one-roadmap-item -->\t<\/div><!-- \/.one-roadmap-inner -->\n\n<\/div><!-- \/.one-roadmap --><style>.ld_spacer_69fddfe9c212e{height:50px;}<\/style>\n<div class=\"ld-empty-space ld_spacer_69fddfe9c212e\"><span class=\"liquid_empty_space_inner\"><\/span><\/div>\n\t<div class=\"wpb_text_column wpb_content_element\" >\n\t\t<div class=\"wpb_wrapper\">\n\t\t\t<p>Du hast gute Ideen, was <strong>habitpot<\/strong> noch besser machen k\u00f6nnte? Hau in die Tasten und <a href=\"mailto:hello@habitpot.com\">schreib mir<\/a>. Ich freue mich stets \u00fcber konstruktives Feedback und deine neuen Ideen.<\/p>\n\n\t\t<\/div>\n\t<\/div>\n<style>.ld_spacer_69fddfe9c21d3{height:100px;}<\/style>\n<div class=\"ld-empty-space ld_spacer_69fddfe9c21d3\"><span class=\"liquid_empty_space_inner\"><\/span><\/div><div class=\"vc_row wpb_row vc_inner vc_row-fluid liquid-row-shadowbox-69fddfe9c229a\"><div class=\"wpb_column vc_column_container vc_col-sm-4 liquid-column-69fddfe9c23a3\"><div class=\"vc_column-inner\"><div class=\"wpb_wrapper\"  ><div class=\"wpb_wrapper-inner\"><\/div><\/div><\/div><\/div><div class=\"wpb_column vc_column_container vc_col-sm-4 liquid-column-69fddfe9c2440\"><div class=\"vc_column-inner\"><div class=\"wpb_wrapper\"  ><div class=\"wpb_wrapper-inner\"><div class=\"vc_btn3-container vc_btn3-center\" ><a style=\"background-color:#5d5d5c; color:#eeefef;\" class=\"vc_general vc_btn3 vc_btn3-size-md vc_btn3-shape-rounded vc_btn3-style-custom\" href=\"https:\/\/habitpot.com\/en\/\" title=\"Homepage \u2013 Mobile\">zur\u00fcck<\/a><\/div><\/div><\/div><\/div><\/div><div class=\"wpb_column vc_column_container vc_col-sm-4 liquid-column-69fddfe9c259f\"><div class=\"vc_column-inner\"><div class=\"wpb_wrapper\"  ><div class=\"wpb_wrapper-inner\"><\/div><\/div><\/div><\/div><\/div><style>.ld_spacer_69fddfe9c25df{height:100px;}<\/style>\n<div class=\"ld-empty-space ld_spacer_69fddfe9c25df\"><span class=\"liquid_empty_space_inner\"><\/span><\/div><\/div><\/div><\/div><\/div><div class=\"wpb_column vc_column_container vc_col-sm-2 liquid-column-69fddfe9c26db\"><div class=\"vc_column-inner\"><div class=\"wpb_wrapper\"   ><div class=\"wpb_wrapper-inner\"><\/div><\/div><\/div><\/div><\/div><\/div><\/section>","protected":false},"excerpt":{"rendered":"App Die habitpot-App ist das kleine, feine Sparschwein in deiner Hosentasche. Die App wird zu...","protected":false},"author":1,"featured_media":0,"parent":0,"menu_order":0,"comment_status":"closed","ping_status":"closed","template":"","meta":{"footnotes":""},"class_list":["post-518","page","type-page","status-publish","hentry"],"yoast_head":"<!-- This site is optimized with the Yoast SEO plugin v27.5 - https:\/\/yoast.com\/product\/yoast-seo-wordpress\/ -->\n<title>Habitpot ist eine einfache App \u2013\u00a0hier erf\u00e4hrst du mehr dar\u00fcber.<\/title>\n<meta name=\"description\" content=\"Erfahre mehr \u00fcber die Funktionen, das Design und auch die Roadmap der habitpot-App. Was kommt in den Updates und warum sind die Dinge denn so wie sie sind?\" \/>\n<meta name=\"robots\" content=\"index, follow, max-snippet:-1, max-video-preview:-1, noimageindex\" \/>\n<link rel=\"canonical\" href=\"https:\/\/habitpot.com\/en\/app\/\" \/>\n<meta property=\"og:locale\" content=\"en_US\" \/>\n<meta property=\"og:type\" content=\"article\" \/>\n<meta property=\"og:title\" content=\"Habitpot ist eine einfache App \u2013\u00a0hier erf\u00e4hrst du mehr dar\u00fcber.\" \/>\n<meta property=\"og:description\" content=\"Erfahre mehr \u00fcber die Funktionen, das Design und auch die Roadmap der habitpot-App. Was kommt in den Updates und warum sind die Dinge denn so wie sie sind?\" \/>\n<meta property=\"og:url\" content=\"https:\/\/habitpot.com\/en\/app\/\" \/>\n<meta property=\"og:site_name\" content=\"habitpot\" \/>\n<meta property=\"article:modified_time\" content=\"2020-10-26T17:27:42+00:00\" \/>\n<meta name=\"twitter:card\" content=\"summary_large_image\" \/>\n<meta name=\"twitter:label1\" content=\"Est. reading time\" \/>\n\t<meta name=\"twitter:data1\" content=\"3 minutes\" \/>\n<script type=\"application\/ld+json\" class=\"yoast-schema-graph\">{\"@context\":\"https:\\\/\\\/schema.org\",\"@graph\":[{\"@type\":\"WebPage\",\"@id\":\"https:\\\/\\\/habitpot.com\\\/app\\\/\",\"url\":\"https:\\\/\\\/habitpot.com\\\/app\\\/\",\"name\":\"Habitpot ist eine einfache App \u2013\u00a0hier erf\u00e4hrst du mehr dar\u00fcber.\",\"isPartOf\":{\"@id\":\"https:\\\/\\\/habitpot.com\\\/#website\"},\"datePublished\":\"2020-04-06T17:57:44+00:00\",\"dateModified\":\"2020-10-26T17:27:42+00:00\",\"description\":\"Erfahre mehr \u00fcber die Funktionen, das Design und auch die Roadmap der habitpot-App. Was kommt in den Updates und warum sind die Dinge denn so wie sie sind?\",\"breadcrumb\":{\"@id\":\"https:\\\/\\\/habitpot.com\\\/app\\\/#breadcrumb\"},\"inLanguage\":\"en-US\",\"potentialAction\":[{\"@type\":\"ReadAction\",\"target\":[\"https:\\\/\\\/habitpot.com\\\/app\\\/\"]}]},{\"@type\":\"BreadcrumbList\",\"@id\":\"https:\\\/\\\/habitpot.com\\\/app\\\/#breadcrumb\",\"itemListElement\":[{\"@type\":\"ListItem\",\"position\":1,\"name\":\"Startseite\",\"item\":\"https:\\\/\\\/habitpot.com\\\/\"},{\"@type\":\"ListItem\",\"position\":2,\"name\":\"App\"}]},{\"@type\":\"WebSite\",\"@id\":\"https:\\\/\\\/habitpot.com\\\/#website\",\"url\":\"https:\\\/\\\/habitpot.com\\\/\",\"name\":\"habitpot\",\"description\":\"Verwandle eine kurze Schw\u00e4che in eine gute Gabe\",\"publisher\":{\"@id\":\"https:\\\/\\\/habitpot.com\\\/#organization\"},\"potentialAction\":[{\"@type\":\"SearchAction\",\"target\":{\"@type\":\"EntryPoint\",\"urlTemplate\":\"https:\\\/\\\/habitpot.com\\\/?s={search_term_string}\"},\"query-input\":{\"@type\":\"PropertyValueSpecification\",\"valueRequired\":true,\"valueName\":\"search_term_string\"}}],\"inLanguage\":\"en-US\"},{\"@type\":\"Organization\",\"@id\":\"https:\\\/\\\/habitpot.com\\\/#organization\",\"name\":\"habitpot\",\"url\":\"https:\\\/\\\/habitpot.com\\\/\",\"logo\":{\"@type\":\"ImageObject\",\"inLanguage\":\"en-US\",\"@id\":\"https:\\\/\\\/habitpot.com\\\/#\\\/schema\\\/logo\\\/image\\\/\",\"url\":\"https:\\\/\\\/habitpot.com\\\/wp-content\\\/uploads\\\/2020\\\/04\\\/habitpot-logo-svg-300px.svg\",\"contentUrl\":\"https:\\\/\\\/habitpot.com\\\/wp-content\\\/uploads\\\/2020\\\/04\\\/habitpot-logo-svg-300px.svg\",\"width\":1,\"height\":1,\"caption\":\"habitpot\"},\"image\":{\"@id\":\"https:\\\/\\\/habitpot.com\\\/#\\\/schema\\\/logo\\\/image\\\/\"}}]}<\/script>\n<!-- \/ Yoast SEO plugin. -->","yoast_head_json":{"title":"Habitpot ist eine einfache App \u2013\u00a0hier erf\u00e4hrst du mehr dar\u00fcber.","description":"Erfahre mehr \u00fcber die Funktionen, das Design und auch die Roadmap der habitpot-App. Was kommt in den Updates und warum sind die Dinge denn so wie sie sind?","robots":{"index":"index","follow":"follow","max-snippet":"max-snippet:-1","max-video-preview":"max-video-preview:-1","imageindex":"noimageindex"},"canonical":"https:\/\/habitpot.com\/en\/app\/","og_locale":"en_US","og_type":"article","og_title":"Habitpot ist eine einfache App \u2013\u00a0hier erf\u00e4hrst du mehr dar\u00fcber.","og_description":"Erfahre mehr \u00fcber die Funktionen, das Design und auch die Roadmap der habitpot-App. Was kommt in den Updates und warum sind die Dinge denn so wie sie sind?","og_url":"https:\/\/habitpot.com\/en\/app\/","og_site_name":"habitpot","article_modified_time":"2020-10-26T17:27:42+00:00","twitter_card":"summary_large_image","twitter_misc":{"Est. reading time":"3 minutes"},"schema":{"@context":"https:\/\/schema.org","@graph":[{"@type":"WebPage","@id":"https:\/\/habitpot.com\/app\/","url":"https:\/\/habitpot.com\/app\/","name":"Habitpot ist eine einfache App \u2013\u00a0hier erf\u00e4hrst du mehr dar\u00fcber.","isPartOf":{"@id":"https:\/\/habitpot.com\/#website"},"datePublished":"2020-04-06T17:57:44+00:00","dateModified":"2020-10-26T17:27:42+00:00","description":"Erfahre mehr \u00fcber die Funktionen, das Design und auch die Roadmap der habitpot-App. Was kommt in den Updates und warum sind die Dinge denn so wie sie sind?","breadcrumb":{"@id":"https:\/\/habitpot.com\/app\/#breadcrumb"},"inLanguage":"en-US","potentialAction":[{"@type":"ReadAction","target":["https:\/\/habitpot.com\/app\/"]}]},{"@type":"BreadcrumbList","@id":"https:\/\/habitpot.com\/app\/#breadcrumb","itemListElement":[{"@type":"ListItem","position":1,"name":"Startseite","item":"https:\/\/habitpot.com\/"},{"@type":"ListItem","position":2,"name":"App"}]},{"@type":"WebSite","@id":"https:\/\/habitpot.com\/#website","url":"https:\/\/habitpot.com\/","name":"habitpot","description":"Verwandle eine kurze Schw\u00e4che in eine gute Gabe","publisher":{"@id":"https:\/\/habitpot.com\/#organization"},"potentialAction":[{"@type":"SearchAction","target":{"@type":"EntryPoint","urlTemplate":"https:\/\/habitpot.com\/?s={search_term_string}"},"query-input":{"@type":"PropertyValueSpecification","valueRequired":true,"valueName":"search_term_string"}}],"inLanguage":"en-US"},{"@type":"Organization","@id":"https:\/\/habitpot.com\/#organization","name":"habitpot","url":"https:\/\/habitpot.com\/","logo":{"@type":"ImageObject","inLanguage":"en-US","@id":"https:\/\/habitpot.com\/#\/schema\/logo\/image\/","url":"https:\/\/habitpot.com\/wp-content\/uploads\/2020\/04\/habitpot-logo-svg-300px.svg","contentUrl":"https:\/\/habitpot.com\/wp-content\/uploads\/2020\/04\/habitpot-logo-svg-300px.svg","width":1,"height":1,"caption":"habitpot"},"image":{"@id":"https:\/\/habitpot.com\/#\/schema\/logo\/image\/"}}]}},"_links":{"self":[{"href":"https:\/\/habitpot.com\/en\/wp-json\/wp\/v2\/pages\/518","targetHints":{"allow":["GET"]}}],"collection":[{"href":"https:\/\/habitpot.com\/en\/wp-json\/wp\/v2\/pages"}],"about":[{"href":"https:\/\/habitpot.com\/en\/wp-json\/wp\/v2\/types\/page"}],"author":[{"embeddable":true,"href":"https:\/\/habitpot.com\/en\/wp-json\/wp\/v2\/users\/1"}],"replies":[{"embeddable":true,"href":"https:\/\/habitpot.com\/en\/wp-json\/wp\/v2\/comments?post=518"}],"version-history":[{"count":10,"href":"https:\/\/habitpot.com\/en\/wp-json\/wp\/v2\/pages\/518\/revisions"}],"predecessor-version":[{"id":1238,"href":"https:\/\/habitpot.com\/en\/wp-json\/wp\/v2\/pages\/518\/revisions\/1238"}],"wp:attachment":[{"href":"https:\/\/habitpot.com\/en\/wp-json\/wp\/v2\/media?parent=518"}],"curies":[{"name":"wp","href":"https:\/\/api.w.org\/{rel}","templated":true}]}}