{"id":506,"date":"2020-04-06T14:27:36","date_gmt":"2020-04-06T14:27:36","guid":{"rendered":"https:\/\/habitpot.com\/?page_id=506"},"modified":"2020-05-29T09:18:42","modified_gmt":"2020-05-29T07:18:42","slug":"hintergrund","status":"publish","type":"page","link":"https:\/\/habitpot.com\/en\/hintergrund\/","title":{"rendered":"Hintergrund"},"content":{"rendered":"<style>@media (min-width: 768px) { .liquid-row-responsive-69fddfe942a07 {padding-top:50px !important;  }  } @media (min-width: 992px) { .liquid-row-responsive-69fddfe942a07 {padding-top:200px !important;  }  } @media (min-width: 1200px) { .liquid-row-responsive-69fddfe942a07 {padding-top:200px !important;  }  }   <\/style><section id=\"behind\" class=\"vc_row wpb_row vc_row-fluid vc_custom_1586240976034 row-contains-padding-top liquid-row-responsive-69fddfe942a07 liquid-row-shadowbox-69fddfe942a38\"><div class=\"ld-container container\"><div class=\"row ld-row\"><div class=\"wpb_column vc_column_container vc_col-sm-2 liquid-column-69fddfe942dd4\"><div class=\"vc_column-inner\"><div class=\"wpb_wrapper\"   ><div class=\"wpb_wrapper-inner\"><\/div><\/div><\/div><\/div><div class=\"wpb_column vc_column_container vc_col-sm-8 liquid-column-69fddfe942eeb\"><div class=\"vc_column-inner\"><div class=\"wpb_wrapper\"   ><div class=\"wpb_wrapper-inner\"><style>.ld_fancy_heading_69fddfe942fcf .lqd-highlight-inner{height:0.275em;bottom:0px;}<\/style><div class=\"ld-fancy-heading text-center ld_fancy_heading_69fddfe942fcf\">\n\t<h2 class=\"lqd-highlight-underline lqd-highlight-grow-left\" ><span class=\"ld-fh-txt\"> Hintergrund<\/span><\/h2><\/div><style>.ld_spacer_69fddfe943296{height:20px;}<\/style>\n<div class=\"ld-empty-space ld_spacer_69fddfe943296\"><span class=\"liquid_empty_space_inner\"><\/span><\/div>\n\t<div class=\"wpb_text_column wpb_content_element\" id=\"behindText\">\n\t\t<div class=\"wpb_wrapper\">\n\t\t\t<p>Sp\u00e4testens seit <a href=\"https:\/\/fridaysforfuture.org\/\"><b>#FridaysForFuture<\/b><\/a> gibt es immer mehr Menschen, die nicht auf Kosten unserer Erde leben m\u00f6chten. Der <b>eigene Konsum<\/b> wird immer h\u00e4ufiger kritisch hinterfragt und pers\u00f6nliche Ver\u00e4nderungen herbeigef\u00fchrt. So entwickeln sich Themen wie Vegetarismus\/Veganismus, Plastikverzicht oder Flugscham pl\u00f6tzlich zu gesellschaftlichen Diskussionspunkten. Nat\u00fcrlich sind wir alle nur ein Rad in einem grossen Gebilde und trotzdem besitzt jeder von uns die Macht, das eigene Leben seinen \u2013 vielleicht neuen \u2013 Idealen auszurichten.<\/p>\n<blockquote><p>\n<em>Ver\u00e4nderung beginnt bei <strong>dir selbst<\/strong>.<\/em>\n<\/p><\/blockquote>\n<p>Trotz dieser Einsicht ist pers\u00f6nliche Ver\u00e4nderung ein Prozess und kann\/muss meist nicht von 0 auf 100 erzwungen werden. Eigentlich m\u00f6chte man eine Ver\u00e4nderung in seinem Leben (in den meisten F\u00e4llen) nachhaltig herbeif\u00fchren. Die Erfahrung,\u00a0nach 2-3 Wochen voller Motiviation pl\u00f6tzlich wieder in ein altes Muster zur\u00fcckzurutschen, kennen die meisten unter uns nur zu gut. Wir m\u00fcssen uns pers\u00f6nlich also eine Art \u00abSystem\u00bb zurechtlegen, das es uns erlaubt, eine Ver\u00e4nderung langsam aber stetig in unser bestehendes Leben einzuf\u00fchren \u2013 auf eine vertr\u00e4gliche und damit nachhaltige Weise.<\/p>\n<p>Habitpot setzt sich zum Ziel, den eigenen (\u00dcber-) Konsum sp\u00fcrbar zu machen und die Grundlage daf\u00fcr zu schaffen, dass wir ein besseres Bewusstsein f\u00fcr unseren \u00abFussabdruck\u00bb entwickeln. Es handelt sich dabei um ein einfaches Werkzeug auf diesem Weg und nicht um eine geheime Zauberformel f\u00fcr ein besseres Leben. Dein Weg deinen Idealen nachzustreben ist ebenfalls ein Prozess \u2013 habitpot dein Begleiter. Lass uns beginnen. Heute!<\/p>\n\n\t\t<\/div>\n\t<\/div>\n<style>.ld_spacer_69fddfe9433ef{height:100px;}<\/style>\n<div class=\"ld-empty-space ld_spacer_69fddfe9433ef\"><span class=\"liquid_empty_space_inner\"><\/span><\/div><div class=\"vc_row wpb_row vc_inner vc_row-fluid liquid-row-shadowbox-69fddfe944c3f\"><div class=\"wpb_column vc_column_container vc_col-sm-4 liquid-column-69fddfe9451ed\"><div class=\"vc_column-inner\"><div class=\"wpb_wrapper\"  ><div class=\"wpb_wrapper-inner\"><\/div><\/div><\/div><\/div><div class=\"wpb_column vc_column_container vc_col-sm-4 liquid-column-69fddfe9452a3\"><div class=\"vc_column-inner\"><div class=\"wpb_wrapper\"  ><div class=\"wpb_wrapper-inner\"><div class=\"vc_btn3-container vc_btn3-center\" ><a style=\"background-color:#5d5d5c; color:#eeefef;\" class=\"vc_general vc_btn3 vc_btn3-size-md vc_btn3-shape-rounded vc_btn3-style-custom\" href=\"https:\/\/habitpot.com\/en\/\" title=\"Homepage \u2013 Mobile\">zur\u00fcck<\/a><\/div><\/div><\/div><\/div><\/div><div class=\"wpb_column vc_column_container vc_col-sm-4 liquid-column-69fddfe945859\"><div class=\"vc_column-inner\"><div class=\"wpb_wrapper\"  ><div class=\"wpb_wrapper-inner\"><\/div><\/div><\/div><\/div><\/div><style>.ld_spacer_69fddfe9458a2{height:100px;}<\/style>\n<div class=\"ld-empty-space ld_spacer_69fddfe9458a2\"><span class=\"liquid_empty_space_inner\"><\/span><\/div><\/div><\/div><\/div><\/div><div class=\"wpb_column vc_column_container vc_col-sm-2 liquid-column-69fddfe945998\"><div class=\"vc_column-inner\"><div class=\"wpb_wrapper\"   ><div class=\"wpb_wrapper-inner\"><\/div><\/div><\/div><\/div><\/div><\/div><\/section>","protected":false},"excerpt":{"rendered":"Hintergrund Sp\u00e4testens seit #FridaysForFuture gibt es immer mehr Menschen, die nicht auf Kosten unserer Erde...","protected":false},"author":1,"featured_media":0,"parent":0,"menu_order":0,"comment_status":"closed","ping_status":"closed","template":"","meta":{"footnotes":""},"class_list":["post-506","page","type-page","status-publish","hentry"],"yoast_head":"<!-- This site is optimized with the Yoast SEO plugin v27.5 - https:\/\/yoast.com\/product\/yoast-seo-wordpress\/ -->\n<title>Was steckt denn hinter habitpot? Die Hintergr\u00fcnde findest du hier.<\/title>\n<meta name=\"description\" content=\"Erfahre mehr \u00fcber den Hintergrund, die Gedanken und Motivation, die sich hinter habitpot verbergen und mach dir damit ein besseres Bild von der App.\" \/>\n<meta name=\"robots\" content=\"index, follow, max-snippet:-1, max-video-preview:-1, noimageindex\" \/>\n<link rel=\"canonical\" href=\"https:\/\/habitpot.com\/en\/hintergrund\/\" \/>\n<meta property=\"og:locale\" content=\"en_US\" \/>\n<meta property=\"og:type\" content=\"article\" \/>\n<meta property=\"og:title\" content=\"Was steckt denn hinter habitpot? Die Hintergr\u00fcnde findest du hier.\" \/>\n<meta property=\"og:description\" content=\"Erfahre mehr \u00fcber den Hintergrund, die Gedanken und Motivation, die sich hinter habitpot verbergen und mach dir damit ein besseres Bild von der App.\" \/>\n<meta property=\"og:url\" content=\"https:\/\/habitpot.com\/en\/hintergrund\/\" \/>\n<meta property=\"og:site_name\" content=\"habitpot\" \/>\n<meta property=\"article:modified_time\" content=\"2020-05-29T07:18:42+00:00\" \/>\n<meta name=\"twitter:card\" content=\"summary_large_image\" \/>\n<meta name=\"twitter:label1\" content=\"Est. reading time\" \/>\n\t<meta name=\"twitter:data1\" content=\"2 minutes\" \/>\n<script type=\"application\/ld+json\" class=\"yoast-schema-graph\">{\"@context\":\"https:\\\/\\\/schema.org\",\"@graph\":[{\"@type\":\"WebPage\",\"@id\":\"https:\\\/\\\/habitpot.com\\\/hintergrund\\\/\",\"url\":\"https:\\\/\\\/habitpot.com\\\/hintergrund\\\/\",\"name\":\"Was steckt denn hinter habitpot? Die Hintergr\u00fcnde findest du hier.\",\"isPartOf\":{\"@id\":\"https:\\\/\\\/habitpot.com\\\/#website\"},\"datePublished\":\"2020-04-06T14:27:36+00:00\",\"dateModified\":\"2020-05-29T07:18:42+00:00\",\"description\":\"Erfahre mehr \u00fcber den Hintergrund, die Gedanken und Motivation, die sich hinter habitpot verbergen und mach dir damit ein besseres Bild von der App.\",\"breadcrumb\":{\"@id\":\"https:\\\/\\\/habitpot.com\\\/hintergrund\\\/#breadcrumb\"},\"inLanguage\":\"en-US\",\"potentialAction\":[{\"@type\":\"ReadAction\",\"target\":[\"https:\\\/\\\/habitpot.com\\\/hintergrund\\\/\"]}]},{\"@type\":\"BreadcrumbList\",\"@id\":\"https:\\\/\\\/habitpot.com\\\/hintergrund\\\/#breadcrumb\",\"itemListElement\":[{\"@type\":\"ListItem\",\"position\":1,\"name\":\"Startseite\",\"item\":\"https:\\\/\\\/habitpot.com\\\/\"},{\"@type\":\"ListItem\",\"position\":2,\"name\":\"Hintergrund\"}]},{\"@type\":\"WebSite\",\"@id\":\"https:\\\/\\\/habitpot.com\\\/#website\",\"url\":\"https:\\\/\\\/habitpot.com\\\/\",\"name\":\"habitpot\",\"description\":\"Verwandle eine kurze Schw\u00e4che in eine gute Gabe\",\"publisher\":{\"@id\":\"https:\\\/\\\/habitpot.com\\\/#organization\"},\"potentialAction\":[{\"@type\":\"SearchAction\",\"target\":{\"@type\":\"EntryPoint\",\"urlTemplate\":\"https:\\\/\\\/habitpot.com\\\/?s={search_term_string}\"},\"query-input\":{\"@type\":\"PropertyValueSpecification\",\"valueRequired\":true,\"valueName\":\"search_term_string\"}}],\"inLanguage\":\"en-US\"},{\"@type\":\"Organization\",\"@id\":\"https:\\\/\\\/habitpot.com\\\/#organization\",\"name\":\"habitpot\",\"url\":\"https:\\\/\\\/habitpot.com\\\/\",\"logo\":{\"@type\":\"ImageObject\",\"inLanguage\":\"en-US\",\"@id\":\"https:\\\/\\\/habitpot.com\\\/#\\\/schema\\\/logo\\\/image\\\/\",\"url\":\"https:\\\/\\\/habitpot.com\\\/wp-content\\\/uploads\\\/2020\\\/04\\\/habitpot-logo-svg-300px.svg\",\"contentUrl\":\"https:\\\/\\\/habitpot.com\\\/wp-content\\\/uploads\\\/2020\\\/04\\\/habitpot-logo-svg-300px.svg\",\"width\":1,\"height\":1,\"caption\":\"habitpot\"},\"image\":{\"@id\":\"https:\\\/\\\/habitpot.com\\\/#\\\/schema\\\/logo\\\/image\\\/\"}}]}<\/script>\n<!-- \/ Yoast SEO plugin. -->","yoast_head_json":{"title":"Was steckt denn hinter habitpot? Die Hintergr\u00fcnde findest du hier.","description":"Erfahre mehr \u00fcber den Hintergrund, die Gedanken und Motivation, die sich hinter habitpot verbergen und mach dir damit ein besseres Bild von der App.","robots":{"index":"index","follow":"follow","max-snippet":"max-snippet:-1","max-video-preview":"max-video-preview:-1","imageindex":"noimageindex"},"canonical":"https:\/\/habitpot.com\/en\/hintergrund\/","og_locale":"en_US","og_type":"article","og_title":"Was steckt denn hinter habitpot? Die Hintergr\u00fcnde findest du hier.","og_description":"Erfahre mehr \u00fcber den Hintergrund, die Gedanken und Motivation, die sich hinter habitpot verbergen und mach dir damit ein besseres Bild von der App.","og_url":"https:\/\/habitpot.com\/en\/hintergrund\/","og_site_name":"habitpot","article_modified_time":"2020-05-29T07:18:42+00:00","twitter_card":"summary_large_image","twitter_misc":{"Est. reading time":"2 minutes"},"schema":{"@context":"https:\/\/schema.org","@graph":[{"@type":"WebPage","@id":"https:\/\/habitpot.com\/hintergrund\/","url":"https:\/\/habitpot.com\/hintergrund\/","name":"Was steckt denn hinter habitpot? Die Hintergr\u00fcnde findest du hier.","isPartOf":{"@id":"https:\/\/habitpot.com\/#website"},"datePublished":"2020-04-06T14:27:36+00:00","dateModified":"2020-05-29T07:18:42+00:00","description":"Erfahre mehr \u00fcber den Hintergrund, die Gedanken und Motivation, die sich hinter habitpot verbergen und mach dir damit ein besseres Bild von der App.","breadcrumb":{"@id":"https:\/\/habitpot.com\/hintergrund\/#breadcrumb"},"inLanguage":"en-US","potentialAction":[{"@type":"ReadAction","target":["https:\/\/habitpot.com\/hintergrund\/"]}]},{"@type":"BreadcrumbList","@id":"https:\/\/habitpot.com\/hintergrund\/#breadcrumb","itemListElement":[{"@type":"ListItem","position":1,"name":"Startseite","item":"https:\/\/habitpot.com\/"},{"@type":"ListItem","position":2,"name":"Hintergrund"}]},{"@type":"WebSite","@id":"https:\/\/habitpot.com\/#website","url":"https:\/\/habitpot.com\/","name":"habitpot","description":"Verwandle eine kurze Schw\u00e4che in eine gute Gabe","publisher":{"@id":"https:\/\/habitpot.com\/#organization"},"potentialAction":[{"@type":"SearchAction","target":{"@type":"EntryPoint","urlTemplate":"https:\/\/habitpot.com\/?s={search_term_string}"},"query-input":{"@type":"PropertyValueSpecification","valueRequired":true,"valueName":"search_term_string"}}],"inLanguage":"en-US"},{"@type":"Organization","@id":"https:\/\/habitpot.com\/#organization","name":"habitpot","url":"https:\/\/habitpot.com\/","logo":{"@type":"ImageObject","inLanguage":"en-US","@id":"https:\/\/habitpot.com\/#\/schema\/logo\/image\/","url":"https:\/\/habitpot.com\/wp-content\/uploads\/2020\/04\/habitpot-logo-svg-300px.svg","contentUrl":"https:\/\/habitpot.com\/wp-content\/uploads\/2020\/04\/habitpot-logo-svg-300px.svg","width":1,"height":1,"caption":"habitpot"},"image":{"@id":"https:\/\/habitpot.com\/#\/schema\/logo\/image\/"}}]}},"_links":{"self":[{"href":"https:\/\/habitpot.com\/en\/wp-json\/wp\/v2\/pages\/506","targetHints":{"allow":["GET"]}}],"collection":[{"href":"https:\/\/habitpot.com\/en\/wp-json\/wp\/v2\/pages"}],"about":[{"href":"https:\/\/habitpot.com\/en\/wp-json\/wp\/v2\/types\/page"}],"author":[{"embeddable":true,"href":"https:\/\/habitpot.com\/en\/wp-json\/wp\/v2\/users\/1"}],"replies":[{"embeddable":true,"href":"https:\/\/habitpot.com\/en\/wp-json\/wp\/v2\/comments?post=506"}],"version-history":[{"count":0,"href":"https:\/\/habitpot.com\/en\/wp-json\/wp\/v2\/pages\/506\/revisions"}],"wp:attachment":[{"href":"https:\/\/habitpot.com\/en\/wp-json\/wp\/v2\/media?parent=506"}],"curies":[{"name":"wp","href":"https:\/\/api.w.org\/{rel}","templated":true}]}}